{"id":232,"date":"2019-11-04T17:34:49","date_gmt":"2019-11-04T16:34:49","guid":{"rendered":"http:\/\/www.cci-home.com\/?page_id=232"},"modified":"2019-12-17T18:06:34","modified_gmt":"2019-12-17T17:06:34","slug":"reparation-informatique","status":"publish","type":"page","link":"https:\/\/www.cci-home.com\/index.php\/reparation-informatique\/","title":{"rendered":"R\u00e9paration informatique"},"content":{"rendered":"\n<figure class=\"wp-block-image is-resized\"><img loading=\"lazy\" decoding=\"async\" src=\"http:\/\/www.cci-home.com\/wp-content\/uploads\/2019\/12\/72144624_2477962595813790_2176314195794984960_o-1024x768.jpg\" alt=\"\" class=\"wp-image-259\" width=\"874\" height=\"656\" srcset=\"https:\/\/www.cci-home.com\/wp-content\/uploads\/2019\/12\/72144624_2477962595813790_2176314195794984960_o-1024x768.jpg 1024w, https:\/\/www.cci-home.com\/wp-content\/uploads\/2019\/12\/72144624_2477962595813790_2176314195794984960_o-300x225.jpg 300w, https:\/\/www.cci-home.com\/wp-content\/uploads\/2019\/12\/72144624_2477962595813790_2176314195794984960_o-768x576.jpg 768w, https:\/\/www.cci-home.com\/wp-content\/uploads\/2019\/12\/72144624_2477962595813790_2176314195794984960_o-200x150.jpg 200w, https:\/\/www.cci-home.com\/wp-content\/uploads\/2019\/12\/72144624_2477962595813790_2176314195794984960_o-150x113.jpg 150w, https:\/\/www.cci-home.com\/wp-content\/uploads\/2019\/12\/72144624_2477962595813790_2176314195794984960_o.jpg 2048w\" sizes=\"(max-width: 874px) 100vw, 874px\" \/><figcaption>Nettoyage virus \/ formatage pc \/ migration vers Windows 10<\/figcaption><\/figure>\n\n\n\n<ul class=\"wp-block-gallery columns-1 is-cropped wp-block-gallery-1 is-layout-flex wp-block-gallery-is-layout-flex\"><li class=\"blocks-gallery-item\"><figure><img loading=\"lazy\" decoding=\"async\" width=\"1024\" height=\"494\" src=\"http:\/\/www.cci-home.com\/wp-content\/uploads\/2019\/11\/Sans-titre-1024x494.png\" alt=\"\" data-id=\"234\" data-link=\"http:\/\/www.cci-home.com\/index.php\/reparation-informatique\/sans-titre-2\/\" class=\"wp-image-234\" srcset=\"https:\/\/www.cci-home.com\/wp-content\/uploads\/2019\/11\/Sans-titre-1024x494.png 1024w, https:\/\/www.cci-home.com\/wp-content\/uploads\/2019\/11\/Sans-titre-300x145.png 300w, https:\/\/www.cci-home.com\/wp-content\/uploads\/2019\/11\/Sans-titre-768x370.png 768w, https:\/\/www.cci-home.com\/wp-content\/uploads\/2019\/11\/Sans-titre-250x121.png 250w, https:\/\/www.cci-home.com\/wp-content\/uploads\/2019\/11\/Sans-titre-150x72.png 150w\" sizes=\"(max-width: 1024px) 100vw, 1024px\" \/><\/figure><\/li><\/ul>\n\n\n\n<h4 class=\"wp-block-heading\">Remplacement dalle d&rsquo;\u00e9cran ( avant &amp; apr\u00e8s )<\/h4>\n\n\n\n<ul class=\"wp-block-gallery columns-1 is-cropped wp-block-gallery-2 is-layout-flex wp-block-gallery-is-layout-flex\"><li class=\"blocks-gallery-item\"><figure><img loading=\"lazy\" decoding=\"async\" width=\"1024\" height=\"768\" src=\"http:\/\/www.cci-home.com\/wp-content\/uploads\/2019\/11\/73475222_2356301121288180_6677122309171445760_o-1024x768.jpg\" alt=\"\" data-id=\"240\" data-link=\"http:\/\/www.cci-home.com\/index.php\/reparation-informatique\/73475222_2356301121288180_6677122309171445760_o\/\" class=\"wp-image-240\" srcset=\"https:\/\/www.cci-home.com\/wp-content\/uploads\/2019\/11\/73475222_2356301121288180_6677122309171445760_o-1024x768.jpg 1024w, https:\/\/www.cci-home.com\/wp-content\/uploads\/2019\/11\/73475222_2356301121288180_6677122309171445760_o-300x225.jpg 300w, https:\/\/www.cci-home.com\/wp-content\/uploads\/2019\/11\/73475222_2356301121288180_6677122309171445760_o-768x576.jpg 768w, https:\/\/www.cci-home.com\/wp-content\/uploads\/2019\/11\/73475222_2356301121288180_6677122309171445760_o-200x150.jpg 200w, https:\/\/www.cci-home.com\/wp-content\/uploads\/2019\/11\/73475222_2356301121288180_6677122309171445760_o-150x113.jpg 150w, https:\/\/www.cci-home.com\/wp-content\/uploads\/2019\/11\/73475222_2356301121288180_6677122309171445760_o.jpg 2048w\" sizes=\"(max-width: 1024px) 100vw, 1024px\" \/><\/figure><\/li><\/ul>\n\n\n\n<h4 class=\"wp-block-heading\">Replacement de disque dur HDD vers SSD, r\u00e9sultat final: d\u00e9marrage &amp; acc\u00e8s aux dossiers 15x plus rapide.<\/h4>\n\n\n\n<p>R\u00e9sultat final: d\u00e9marrage &amp; acc\u00e8s aux dossiers 15x plus rapide<\/p>\n\n\n\n<p>Pc bureautiques assembl\u00e9s \n Pr\u00eats pour l\u2019installation Windows 10\n<\/p>\n\n\n\n<figure class=\"wp-block-image\"><img loading=\"lazy\" decoding=\"async\" width=\"695\" height=\"391\" src=\"http:\/\/www.cci-home.com\/wp-content\/uploads\/2019\/12\/78676278_2542189272724455_8065158097452138496_n.jpg\" alt=\"\" class=\"wp-image-249\" srcset=\"https:\/\/www.cci-home.com\/wp-content\/uploads\/2019\/12\/78676278_2542189272724455_8065158097452138496_n.jpg 695w, https:\/\/www.cci-home.com\/wp-content\/uploads\/2019\/12\/78676278_2542189272724455_8065158097452138496_n-300x169.jpg 300w, https:\/\/www.cci-home.com\/wp-content\/uploads\/2019\/12\/78676278_2542189272724455_8065158097452138496_n-250x141.jpg 250w, https:\/\/www.cci-home.com\/wp-content\/uploads\/2019\/12\/78676278_2542189272724455_8065158097452138496_n-150x84.jpg 150w\" sizes=\"(max-width: 695px) 100vw, 695px\" \/><figcaption>Migration vers Windows 10 disponible chez votre prestataire Corse Concept Informatique &#8211; Moriani plage <br> <strong>Renseignements au 04.95.48.63.19<\/strong><br> Microsoft s&rsquo;est engag\u00e9 \u00e0 assurer pendant 10 ans le support de Windows 7, lors de sa parution le 22 octobre 2009. \u00c0 la fin de cette p\u00e9riode de 10 ans, Microsoft cessera de prendre en charge Windows 7 afin de consacrer ses investissements \u00e0 la prise en charge de nouvelles technologies et de nouvelles exp\u00e9riences. Le jour de la fin de la prise en charge de Windows 7 sera pr\u00e9cis\u00e9ment le 14 janvier 2020. Apr\u00e8s cette date, l&rsquo;assistance technique et les mises \u00e0 jour logicielles de Windows Update permettant de prot\u00e9ger votre PC ne seront plus disponibles pour le produit. Microsoft vous conseille vivement de passer \u00e0 Windows 10 avant janvier 2020 pour \u00e9viter de vous trouver dans une situation o\u00f9 vous aurez besoin d\u2019un service ou d\u2019un support qui ne sera plus disponible<\/figcaption><\/figure>\n\n\n\n<figure class=\"wp-block-image\"><img loading=\"lazy\" decoding=\"async\" width=\"1024\" height=\"768\" src=\"http:\/\/www.cci-home.com\/wp-content\/uploads\/2019\/12\/79227206_2535424946734221_5936000263155351552_o-1024x768.jpg\" alt=\"\" class=\"wp-image-251\" srcset=\"https:\/\/www.cci-home.com\/wp-content\/uploads\/2019\/12\/79227206_2535424946734221_5936000263155351552_o-1024x768.jpg 1024w, https:\/\/www.cci-home.com\/wp-content\/uploads\/2019\/12\/79227206_2535424946734221_5936000263155351552_o-300x225.jpg 300w, https:\/\/www.cci-home.com\/wp-content\/uploads\/2019\/12\/79227206_2535424946734221_5936000263155351552_o-768x576.jpg 768w, https:\/\/www.cci-home.com\/wp-content\/uploads\/2019\/12\/79227206_2535424946734221_5936000263155351552_o-200x150.jpg 200w, https:\/\/www.cci-home.com\/wp-content\/uploads\/2019\/12\/79227206_2535424946734221_5936000263155351552_o-150x113.jpg 150w, https:\/\/www.cci-home.com\/wp-content\/uploads\/2019\/12\/79227206_2535424946734221_5936000263155351552_o.jpg 2048w\" sizes=\"(max-width: 1024px) 100vw, 1024px\" \/><figcaption>Montage PC bureautique<\/figcaption><\/figure>\n\n\n\n<figure class=\"wp-block-image\"><img loading=\"lazy\" decoding=\"async\" width=\"1024\" height=\"768\" src=\"http:\/\/www.cci-home.com\/wp-content\/uploads\/2019\/11\/74419887_2367170760201216_2946525771839045632_o-1024x768.jpg\" alt=\"\" class=\"wp-image-242\" srcset=\"https:\/\/www.cci-home.com\/wp-content\/uploads\/2019\/11\/74419887_2367170760201216_2946525771839045632_o-1024x768.jpg 1024w, https:\/\/www.cci-home.com\/wp-content\/uploads\/2019\/11\/74419887_2367170760201216_2946525771839045632_o-300x225.jpg 300w, https:\/\/www.cci-home.com\/wp-content\/uploads\/2019\/11\/74419887_2367170760201216_2946525771839045632_o-768x576.jpg 768w, https:\/\/www.cci-home.com\/wp-content\/uploads\/2019\/11\/74419887_2367170760201216_2946525771839045632_o-200x150.jpg 200w, https:\/\/www.cci-home.com\/wp-content\/uploads\/2019\/11\/74419887_2367170760201216_2946525771839045632_o-150x113.jpg 150w, https:\/\/www.cci-home.com\/wp-content\/uploads\/2019\/11\/74419887_2367170760201216_2946525771839045632_o.jpg 2048w\" sizes=\"(max-width: 1024px) 100vw, 1024px\" \/><figcaption>Pc bureautiques assembl\u00e9s, avec les composants de derni\u00e8res g\u00e9n\u00e9ration, v\u00e9loce, silencieux, l\u00e9gers, basse consommation\u2026<br> Pr\u00eats pour l\u2019installation Windows 10<\/figcaption><\/figure>\n\n\n\n<figure class=\"wp-block-image\"><img loading=\"lazy\" decoding=\"async\" width=\"1024\" height=\"575\" src=\"http:\/\/www.cci-home.com\/wp-content\/uploads\/2019\/12\/72551951_2484886315121418_6874918261960474624_o-1024x575.jpg\" alt=\"\" class=\"wp-image-255\" srcset=\"https:\/\/www.cci-home.com\/wp-content\/uploads\/2019\/12\/72551951_2484886315121418_6874918261960474624_o-1024x575.jpg 1024w, https:\/\/www.cci-home.com\/wp-content\/uploads\/2019\/12\/72551951_2484886315121418_6874918261960474624_o-300x169.jpg 300w, https:\/\/www.cci-home.com\/wp-content\/uploads\/2019\/12\/72551951_2484886315121418_6874918261960474624_o-768x431.jpg 768w, https:\/\/www.cci-home.com\/wp-content\/uploads\/2019\/12\/72551951_2484886315121418_6874918261960474624_o-250x140.jpg 250w, https:\/\/www.cci-home.com\/wp-content\/uploads\/2019\/12\/72551951_2484886315121418_6874918261960474624_o-150x84.jpg 150w, https:\/\/www.cci-home.com\/wp-content\/uploads\/2019\/12\/72551951_2484886315121418_6874918261960474624_o.jpg 1125w\" sizes=\"(max-width: 1024px) 100vw, 1024px\" \/><figcaption>R\u00e9paration \/ r\u00e9cup\u00e9ration de donn\u00e9es iMac \ud83d\udda5 27&Prime;<\/figcaption><\/figure>\n\n\n\n<figure class=\"wp-block-image\"><img loading=\"lazy\" decoding=\"async\" width=\"1024\" height=\"575\" src=\"http:\/\/www.cci-home.com\/wp-content\/uploads\/2019\/12\/72478154_2483896571887059_7931644009649274880_o-1024x575.jpg\" alt=\"\" class=\"wp-image-257\" srcset=\"https:\/\/www.cci-home.com\/wp-content\/uploads\/2019\/12\/72478154_2483896571887059_7931644009649274880_o-1024x575.jpg 1024w, https:\/\/www.cci-home.com\/wp-content\/uploads\/2019\/12\/72478154_2483896571887059_7931644009649274880_o-300x169.jpg 300w, https:\/\/www.cci-home.com\/wp-content\/uploads\/2019\/12\/72478154_2483896571887059_7931644009649274880_o-768x431.jpg 768w, https:\/\/www.cci-home.com\/wp-content\/uploads\/2019\/12\/72478154_2483896571887059_7931644009649274880_o-250x140.jpg 250w, https:\/\/www.cci-home.com\/wp-content\/uploads\/2019\/12\/72478154_2483896571887059_7931644009649274880_o-150x84.jpg 150w, https:\/\/www.cci-home.com\/wp-content\/uploads\/2019\/12\/72478154_2483896571887059_7931644009649274880_o.jpg 1125w\" sizes=\"(max-width: 1024px) 100vw, 1024px\" \/><figcaption>Replacement de disque dur HDD vers SSD<br> R\u00e9sultat final: d\u00e9marrage &amp; acc\u00e8s aux dossiers 15x plus rapide<\/figcaption><\/figure>\n","protected":false},"excerpt":{"rendered":"<p>Remplacement dalle d&rsquo;\u00e9cran ( avant &amp; apr\u00e8s ) Replacement de disque dur HDD vers SSD, r\u00e9sultat final: d\u00e9marrage &amp; acc\u00e8s aux dossiers 15x plus rapide. R\u00e9sultat final: d\u00e9marrage &amp; acc\u00e8s aux dossiers 15x plus rapide Pc bureautiques assembl\u00e9s Pr\u00eats pour l\u2019installation Windows 10<\/p>\n","protected":false},"author":1,"featured_media":0,"parent":0,"menu_order":0,"comment_status":"closed","ping_status":"closed","template":"","meta":{"footnotes":""},"_links":{"self":[{"href":"https:\/\/www.cci-home.com\/index.php\/wp-json\/wp\/v2\/pages\/232"}],"collection":[{"href":"https:\/\/www.cci-home.com\/index.php\/wp-json\/wp\/v2\/pages"}],"about":[{"href":"https:\/\/www.cci-home.com\/index.php\/wp-json\/wp\/v2\/types\/page"}],"author":[{"embeddable":true,"href":"https:\/\/www.cci-home.com\/index.php\/wp-json\/wp\/v2\/users\/1"}],"replies":[{"embeddable":true,"href":"https:\/\/www.cci-home.com\/index.php\/wp-json\/wp\/v2\/comments?post=232"}],"version-history":[{"count":12,"href":"https:\/\/www.cci-home.com\/index.php\/wp-json\/wp\/v2\/pages\/232\/revisions"}],"predecessor-version":[{"id":260,"href":"https:\/\/www.cci-home.com\/index.php\/wp-json\/wp\/v2\/pages\/232\/revisions\/260"}],"wp:attachment":[{"href":"https:\/\/www.cci-home.com\/index.php\/wp-json\/wp\/v2\/media?parent=232"}],"curies":[{"name":"wp","href":"https:\/\/api.w.org\/{rel}","templated":true}]}}