{"id":17,"date":"2017-07-09T16:48:28","date_gmt":"2017-07-09T14:48:28","guid":{"rendered":"http:\/\/www.cci-home.com\/?page_id=17"},"modified":"2025-02-02T18:10:04","modified_gmt":"2025-02-02T17:10:04","slug":"a-propos-de","status":"publish","type":"page","link":"https:\/\/www.cci-home.com\/index.php\/a-propos-de\/","title":{"rendered":"\u00c0 propos de"},"content":{"rendered":"<p><strong><em>La boutique est en activit\u00e9 depuis f\u00e9vrier 2011, proposant ses produits \u00e0 la vente ainsi que ses prestations de services aux particuliers et professionnels de toutes sortes d&rsquo;activit\u00e9s.<\/em><\/strong><a href=\"http:\/\/www.cci-home.com\/index.php\/a-propos-de\/teaserbox_29202090\/\" rel=\"attachment wp-att-158\">\u00a0 \u00a0 \u00a0 \u00a0<\/a><\/p>\n<p>Toutes les meilleures marques de mat\u00e9riels informatique sont disponibles, pour assurer un bon fonctionnement et de meilleures garanties ( 3 ans constructeur\u00a0pour les cartes m\u00e8res Asus par exemple )<\/p>\n<p><img loading=\"lazy\" decoding=\"async\" class=\"alignnone wp-image-164 size-full\" src=\"http:\/\/www.cci-home.com\/wp-content\/uploads\/2018\/02\/logos.jpg\" alt=\"\" width=\"2000\" height=\"1000\" srcset=\"https:\/\/www.cci-home.com\/wp-content\/uploads\/2018\/02\/logos.jpg 2000w, https:\/\/www.cci-home.com\/wp-content\/uploads\/2018\/02\/logos-300x150.jpg 300w, https:\/\/www.cci-home.com\/wp-content\/uploads\/2018\/02\/logos-768x384.jpg 768w, https:\/\/www.cci-home.com\/wp-content\/uploads\/2018\/02\/logos-1024x512.jpg 1024w, https:\/\/www.cci-home.com\/wp-content\/uploads\/2018\/02\/logos-250x125.jpg 250w, https:\/\/www.cci-home.com\/wp-content\/uploads\/2018\/02\/logos-150x75.jpg 150w\" sizes=\"(max-width: 2000px) 100vw, 2000px\" \/><\/p>\n","protected":false},"excerpt":{"rendered":"<p>La boutique est en activit\u00e9 depuis f\u00e9vrier 2011, proposant ses produits \u00e0 la vente ainsi que ses prestations de services aux particuliers et professionnels de toutes sortes d&rsquo;activit\u00e9s.\u00a0 \u00a0 \u00a0 \u00a0 Toutes les meilleures marques de mat\u00e9riels informatique sont disponibles, pour assurer un bon fonctionnement et de meilleures garanties (&#8230; <a class=\"continue-reading-link\" href=\"https:\/\/www.cci-home.com\/index.php\/a-propos-de\/\"> Continue reading <span class=\"meta-nav\">&rarr; <\/span><\/a><\/p>\n","protected":false},"author":1,"featured_media":0,"parent":0,"menu_order":0,"comment_status":"closed","ping_status":"closed","template":"","meta":{"footnotes":""},"_links":{"self":[{"href":"https:\/\/www.cci-home.com\/index.php\/wp-json\/wp\/v2\/pages\/17"}],"collection":[{"href":"https:\/\/www.cci-home.com\/index.php\/wp-json\/wp\/v2\/pages"}],"about":[{"href":"https:\/\/www.cci-home.com\/index.php\/wp-json\/wp\/v2\/types\/page"}],"author":[{"embeddable":true,"href":"https:\/\/www.cci-home.com\/index.php\/wp-json\/wp\/v2\/users\/1"}],"replies":[{"embeddable":true,"href":"https:\/\/www.cci-home.com\/index.php\/wp-json\/wp\/v2\/comments?post=17"}],"version-history":[{"count":21,"href":"https:\/\/www.cci-home.com\/index.php\/wp-json\/wp\/v2\/pages\/17\/revisions"}],"predecessor-version":[{"id":274,"href":"https:\/\/www.cci-home.com\/index.php\/wp-json\/wp\/v2\/pages\/17\/revisions\/274"}],"wp:attachment":[{"href":"https:\/\/www.cci-home.com\/index.php\/wp-json\/wp\/v2\/media?parent=17"}],"curies":[{"name":"wp","href":"https:\/\/api.w.org\/{rel}","templated":true}]}}