{"id":16,"date":"2017-07-09T16:48:28","date_gmt":"2017-07-09T14:48:28","guid":{"rendered":"http:\/\/www.cci-home.com\/?page_id=16"},"modified":"2025-05-20T18:54:27","modified_gmt":"2025-05-20T16:54:27","slug":"accueil","status":"publish","type":"page","link":"https:\/\/www.cci-home.com\/","title":{"rendered":"Accueil"},"content":{"rendered":"<ul>\n<li>\n<h2>Vente, r\u00e9paration, formatage ( r\u00e9installation du syst\u00e8me d&rsquo;exploitation Windows ou MacOs ), nettoyage virus, installation \u00e0 domicile ( box internet, imprimante, installation r\u00e9seau\u2026)<\/h2>\n<\/li>\n<li>\n<h2>Service photocopie, num\u00e9risation ( vers cl\u00e9 USB ou Mail ), plastification de document.<\/h2>\n<\/li>\n<\/ul>\n<p><img loading=\"lazy\" decoding=\"async\" class=\"alignnone size-full wp-image-285\" src=\"http:\/\/www.cci-home.com\/wp-content\/uploads\/2025\/05\/IMG_5188-scaled.jpg\" alt=\"\" width=\"1819\" height=\"2560\" srcset=\"https:\/\/www.cci-home.com\/wp-content\/uploads\/2025\/05\/IMG_5188-scaled.jpg 1819w, https:\/\/www.cci-home.com\/wp-content\/uploads\/2025\/05\/IMG_5188-213x300.jpg 213w, https:\/\/www.cci-home.com\/wp-content\/uploads\/2025\/05\/IMG_5188-728x1024.jpg 728w, https:\/\/www.cci-home.com\/wp-content\/uploads\/2025\/05\/IMG_5188-768x1081.jpg 768w, https:\/\/www.cci-home.com\/wp-content\/uploads\/2025\/05\/IMG_5188-1092x1536.jpg 1092w, https:\/\/www.cci-home.com\/wp-content\/uploads\/2025\/05\/IMG_5188-1455x2048.jpg 1455w, https:\/\/www.cci-home.com\/wp-content\/uploads\/2025\/05\/IMG_5188-107x150.jpg 107w\" sizes=\"(max-width: 1819px) 100vw, 1819px\" \/><\/p>\n","protected":false},"excerpt":{"rendered":"<p>Vente, r\u00e9paration, formatage ( r\u00e9installation du syst\u00e8me d&rsquo;exploitation Windows ou MacOs ), nettoyage virus, installation \u00e0 domicile ( box internet, imprimante, installation r\u00e9seau\u2026) Service photocopie, num\u00e9risation ( vers cl\u00e9 USB ou Mail ), plastification de document.<\/p>\n","protected":false},"author":1,"featured_media":0,"parent":0,"menu_order":0,"comment_status":"open","ping_status":"closed","template":"","meta":{"footnotes":""},"_links":{"self":[{"href":"https:\/\/www.cci-home.com\/index.php\/wp-json\/wp\/v2\/pages\/16"}],"collection":[{"href":"https:\/\/www.cci-home.com\/index.php\/wp-json\/wp\/v2\/pages"}],"about":[{"href":"https:\/\/www.cci-home.com\/index.php\/wp-json\/wp\/v2\/types\/page"}],"author":[{"embeddable":true,"href":"https:\/\/www.cci-home.com\/index.php\/wp-json\/wp\/v2\/users\/1"}],"replies":[{"embeddable":true,"href":"https:\/\/www.cci-home.com\/index.php\/wp-json\/wp\/v2\/comments?post=16"}],"version-history":[{"count":8,"href":"https:\/\/www.cci-home.com\/index.php\/wp-json\/wp\/v2\/pages\/16\/revisions"}],"predecessor-version":[{"id":286,"href":"https:\/\/www.cci-home.com\/index.php\/wp-json\/wp\/v2\/pages\/16\/revisions\/286"}],"wp:attachment":[{"href":"https:\/\/www.cci-home.com\/index.php\/wp-json\/wp\/v2\/media?parent=16"}],"curies":[{"name":"wp","href":"https:\/\/api.w.org\/{rel}","templated":true}]}}