{"id":110,"date":"2017-08-26T17:13:19","date_gmt":"2017-08-26T15:13:19","guid":{"rendered":"http:\/\/www.cci-home.com\/?page_id=110"},"modified":"2018-02-22T10:16:23","modified_gmt":"2018-02-22T09:16:23","slug":"maintenance-a-distance","status":"publish","type":"page","link":"https:\/\/www.cci-home.com\/index.php\/maintenance-a-distance\/","title":{"rendered":"Maintenance \u00e0 distance"},"content":{"rendered":"<p><a href=\"http:\/\/casa2b.ddns.net:5000\/sharing\/MNkroLjiQ\"><img loading=\"lazy\" decoding=\"async\" class=\"alignnone wp-image-113 size-full\" src=\"http:\/\/www.cci-home.com\/wp-content\/uploads\/2017\/08\/depannage_distant.gif\" alt=\"\" width=\"300\" height=\"300\" \/><\/a><a href=\"http:\/\/casa2b.ddns.net:5000\/sharing\/MNkroLjiQ\"><img loading=\"lazy\" decoding=\"async\" class=\"alignnone wp-image-112\" src=\"http:\/\/www.cci-home.com\/wp-content\/uploads\/2017\/08\/tab-img41-300x289.jpg\" alt=\"\" width=\"312\" height=\"300\" srcset=\"https:\/\/www.cci-home.com\/wp-content\/uploads\/2017\/08\/tab-img41-300x289.jpg 300w, https:\/\/www.cci-home.com\/wp-content\/uploads\/2017\/08\/tab-img41-156x150.jpg 156w, https:\/\/www.cci-home.com\/wp-content\/uploads\/2017\/08\/tab-img41-150x144.jpg 150w, https:\/\/www.cci-home.com\/wp-content\/uploads\/2017\/08\/tab-img41.jpg 430w\" sizes=\"(max-width: 312px) 100vw, 312px\" \/><\/a><\/p>\n<p>Prise en main \u00e0 distance avec une connexion s\u00e9curis\u00e9e<\/p>\n<p>&nbsp;<\/p>\n<p>Diff\u00e9rents contrats de maintenance sont propos\u00e9s aux clients professionnels &amp; particuliers, les tarifs sont d\u00e9gressifs suivant le nombre d&rsquo;ordinateur sur site.<\/p>\n<p>Le principe de cette prestation est que le client n&rsquo;ayant pas le temps ou pas les connaissances requises\u00a0pour pouvoir surmonter\u00a0aux probl\u00e8mes, <strong>celui-ci peut contacter ce service de maintenance* pour\u00a0une prise en\u00a0main instantan\u00e9e et r\u00e9soudre ainsi le probl\u00e9me sur la foul\u00e9e<\/strong>, et il a aussi pour principe de\u00a0maintenir le(s) ordinateur(s) en parfait etat de fonctionnement, car les nettoyages, mises \u00e0 jour des logiciels install\u00e9s, nettoyage virus ( avec 2 programmes en compl\u00e9ment de l&rsquo;antivirus\u00a0install\u00e9s par nos soins ) et les sauvegardes sont faites<strong>\u00a01 \u00e0 4 fois par mois<\/strong> ( suivant le contrat ).<\/p>\n<p>Les d\u00e9placements ( si n\u00e9cessaires \u00e0 la r\u00e9solution de la panne ) sont effectu\u00e9s sous <strong>12h ouvr\u00e9s.<\/strong><\/p>\n<p>*Aux horaires d&rsquo;ouvertures<\/p>\n<p>&nbsp;<\/p>\n<p>&nbsp;<\/p>\n<p>&nbsp;<\/p>\n","protected":false},"excerpt":{"rendered":"<p>Prise en main \u00e0 distance avec une connexion s\u00e9curis\u00e9e &nbsp; Diff\u00e9rents contrats de maintenance sont propos\u00e9s aux clients professionnels &amp; particuliers, les tarifs sont d\u00e9gressifs suivant le nombre d&rsquo;ordinateur sur site. Le principe de cette prestation est que le client n&rsquo;ayant pas le temps ou pas les connaissances requises\u00a0pour pouvoir&#8230; <a class=\"continue-reading-link\" href=\"https:\/\/www.cci-home.com\/index.php\/maintenance-a-distance\/\"> Continue reading <span class=\"meta-nav\">&rarr; <\/span><\/a><\/p>\n","protected":false},"author":1,"featured_media":0,"parent":0,"menu_order":0,"comment_status":"closed","ping_status":"closed","template":"","meta":{"footnotes":""},"_links":{"self":[{"href":"https:\/\/www.cci-home.com\/index.php\/wp-json\/wp\/v2\/pages\/110"}],"collection":[{"href":"https:\/\/www.cci-home.com\/index.php\/wp-json\/wp\/v2\/pages"}],"about":[{"href":"https:\/\/www.cci-home.com\/index.php\/wp-json\/wp\/v2\/types\/page"}],"author":[{"embeddable":true,"href":"https:\/\/www.cci-home.com\/index.php\/wp-json\/wp\/v2\/users\/1"}],"replies":[{"embeddable":true,"href":"https:\/\/www.cci-home.com\/index.php\/wp-json\/wp\/v2\/comments?post=110"}],"version-history":[{"count":14,"href":"https:\/\/www.cci-home.com\/index.php\/wp-json\/wp\/v2\/pages\/110\/revisions"}],"predecessor-version":[{"id":215,"href":"https:\/\/www.cci-home.com\/index.php\/wp-json\/wp\/v2\/pages\/110\/revisions\/215"}],"wp:attachment":[{"href":"https:\/\/www.cci-home.com\/index.php\/wp-json\/wp\/v2\/media?parent=110"}],"curies":[{"name":"wp","href":"https:\/\/api.w.org\/{rel}","templated":true}]}}